{"id":107,"date":"2025-11-24T10:41:45","date_gmt":"2025-11-24T09:41:45","guid":{"rendered":"https:\/\/lespetitspapiers.media\/site\/?page_id=107"},"modified":"2026-04-07T14:45:01","modified_gmt":"2026-04-07T12:45:01","slug":"nos-actions","status":"publish","type":"page","link":"https:\/\/lespetitspapiers.media\/site\/nos-actions\/","title":{"rendered":"Nos actions"},"content":{"rendered":"\n<p>Retrouvez ici nos derni\u00e8res interventions et cr\u00e9ations.<\/p>\n\n\n<ul class=\"wp-block-latest-posts__list is-grid columns-2 aligncenter wp-block-latest-posts\"><li><div class=\"wp-block-latest-posts__featured-image\"><a href=\"https:\/\/lespetitspapiers.media\/site\/une-emission-sur-les-droits-de-lenfant\/\" aria-label=\"Une \u00e9mission sur les Droits de l&rsquo;enfant\"><img loading=\"lazy\" decoding=\"async\" width=\"300\" height=\"300\" src=\"https:\/\/lespetitspapiers.media\/site\/wp-content\/uploads\/2025\/11\/720-720-max-300x300.jpg\" class=\"attachment-medium size-medium wp-post-image\" alt=\"\" style=\"\" srcset=\"https:\/\/lespetitspapiers.media\/site\/wp-content\/uploads\/2025\/11\/720-720-max-300x300.jpg 300w, https:\/\/lespetitspapiers.media\/site\/wp-content\/uploads\/2025\/11\/720-720-max-150x150.jpg 150w, https:\/\/lespetitspapiers.media\/site\/wp-content\/uploads\/2025\/11\/720-720-max.jpg 720w\" sizes=\"auto, (max-width: 300px) 100vw, 300px\" \/><\/a><\/div><a class=\"wp-block-latest-posts__post-title\" href=\"https:\/\/lespetitspapiers.media\/site\/une-emission-sur-les-droits-de-lenfant\/\">Une \u00e9mission sur les Droits de l&rsquo;enfant<\/a><div class=\"wp-block-latest-posts__post-excerpt\">Le 20 novembre 2024 au Palais des Sports Saint Sauveur \u00e0 Lille, les journalistes-intervenant.es Adrien,\u2026 <a class=\"wp-block-latest-posts__read-more\" href=\"https:\/\/lespetitspapiers.media\/site\/une-emission-sur-les-droits-de-lenfant\/\" rel=\"noopener noreferrer\">Lire la suite<span class=\"screen-reader-text\">\u00a0: Une \u00e9mission sur les Droits de l&rsquo;enfant<\/span><\/a><\/div><\/li>\n<li><div class=\"wp-block-latest-posts__featured-image\"><a href=\"https:\/\/lespetitspapiers.media\/site\/podcast-radio-au-centre-roger-salengro-de-fives\/\" aria-label=\"Podcast radio au centre Roger Salengro de Fives\"><img loading=\"lazy\" decoding=\"async\" width=\"300\" height=\"225\" src=\"https:\/\/lespetitspapiers.media\/site\/wp-content\/uploads\/2025\/05\/2023-05-17-Photo-MT-1-300x225.jpg\" class=\"attachment-medium size-medium wp-post-image\" alt=\"\" style=\"\" srcset=\"https:\/\/lespetitspapiers.media\/site\/wp-content\/uploads\/2025\/05\/2023-05-17-Photo-MT-1-300x225.jpg 300w, https:\/\/lespetitspapiers.media\/site\/wp-content\/uploads\/2025\/05\/2023-05-17-Photo-MT-1-1024x768.jpg 1024w, https:\/\/lespetitspapiers.media\/site\/wp-content\/uploads\/2025\/05\/2023-05-17-Photo-MT-1-768x576.jpg 768w, https:\/\/lespetitspapiers.media\/site\/wp-content\/uploads\/2025\/05\/2023-05-17-Photo-MT-1-1536x1152.jpg 1536w, https:\/\/lespetitspapiers.media\/site\/wp-content\/uploads\/2025\/05\/2023-05-17-Photo-MT-1-2048x1536.jpg 2048w, https:\/\/lespetitspapiers.media\/site\/wp-content\/uploads\/2025\/05\/2023-05-17-Photo-MT-1-1200x900.jpg 1200w, https:\/\/lespetitspapiers.media\/site\/wp-content\/uploads\/2025\/05\/2023-05-17-Photo-MT-1-1980x1485.jpg 1980w\" sizes=\"auto, (max-width: 300px) 100vw, 300px\" \/><\/a><\/div><a class=\"wp-block-latest-posts__post-title\" href=\"https:\/\/lespetitspapiers.media\/site\/podcast-radio-au-centre-roger-salengro-de-fives\/\">Podcast radio au centre Roger Salengro de Fives<\/a><div class=\"wp-block-latest-posts__post-excerpt\">En mai 2023, les journalistes-intervenant.es Pauline et Louis ont accompagn\u00e9 une dizaine de jeunes du\u2026 <a class=\"wp-block-latest-posts__read-more\" href=\"https:\/\/lespetitspapiers.media\/site\/podcast-radio-au-centre-roger-salengro-de-fives\/\" rel=\"noopener noreferrer\">Lire la suite<span class=\"screen-reader-text\">\u00a0: Podcast radio au centre Roger Salengro de Fives<\/span><\/a><\/div><\/li>\n<li><div class=\"wp-block-latest-posts__featured-image\"><a href=\"https:\/\/lespetitspapiers.media\/site\/le-cafe-des-enfants-une-emission-radio-sur-la-place-madeleine-caulier\/\" aria-label=\"Le caf\u00e9 des enfants &#8211; une \u00e9mission radio sur la place Madeleine Caulier\"><img loading=\"lazy\" decoding=\"async\" width=\"300\" height=\"200\" src=\"https:\/\/lespetitspapiers.media\/site\/wp-content\/uploads\/2025\/05\/IMG_0307-300x200.jpg\" class=\"attachment-medium size-medium wp-post-image\" alt=\"\" style=\"\" srcset=\"https:\/\/lespetitspapiers.media\/site\/wp-content\/uploads\/2025\/05\/IMG_0307-300x200.jpg 300w, https:\/\/lespetitspapiers.media\/site\/wp-content\/uploads\/2025\/05\/IMG_0307-1024x683.jpg 1024w, https:\/\/lespetitspapiers.media\/site\/wp-content\/uploads\/2025\/05\/IMG_0307-768x512.jpg 768w, https:\/\/lespetitspapiers.media\/site\/wp-content\/uploads\/2025\/05\/IMG_0307-1536x1024.jpg 1536w, https:\/\/lespetitspapiers.media\/site\/wp-content\/uploads\/2025\/05\/IMG_0307-2048x1365.jpg 2048w, https:\/\/lespetitspapiers.media\/site\/wp-content\/uploads\/2025\/05\/IMG_0307-1200x800.jpg 1200w, https:\/\/lespetitspapiers.media\/site\/wp-content\/uploads\/2025\/05\/IMG_0307-1980x1320.jpg 1980w\" sizes=\"auto, (max-width: 300px) 100vw, 300px\" \/><\/a><\/div><a class=\"wp-block-latest-posts__post-title\" href=\"https:\/\/lespetitspapiers.media\/site\/le-cafe-des-enfants-une-emission-radio-sur-la-place-madeleine-caulier\/\">Le caf\u00e9 des enfants &#8211; une \u00e9mission radio sur la place Madeleine Caulier<\/a><div class=\"wp-block-latest-posts__post-excerpt\">En mai 2023, les intervenants-journalistes J\u00e9r\u00e9mie et Adrien sont all\u00e9s poser leur plateau radio en\u2026 <a class=\"wp-block-latest-posts__read-more\" href=\"https:\/\/lespetitspapiers.media\/site\/le-cafe-des-enfants-une-emission-radio-sur-la-place-madeleine-caulier\/\" rel=\"noopener noreferrer\">Lire la suite<span class=\"screen-reader-text\">\u00a0: Le caf\u00e9 des enfants &#8211; une \u00e9mission radio sur la place Madeleine Caulier<\/span><\/a><\/div><\/li>\n<li><div class=\"wp-block-latest-posts__featured-image\"><a href=\"https:\/\/lespetitspapiers.media\/site\/au-fil-de-leau-une-emission-de-radio-made-in-fives\/\" aria-label=\"Au fil de l&rsquo;eau &#8211; une \u00e9mission de radio made in Fives !\"><img loading=\"lazy\" decoding=\"async\" width=\"300\" height=\"169\" src=\"https:\/\/lespetitspapiers.media\/site\/wp-content\/uploads\/2025\/05\/IMG_20230711_180437-edited-1-300x169.jpg\" class=\"attachment-medium size-medium wp-post-image\" alt=\"\" style=\"\" srcset=\"https:\/\/lespetitspapiers.media\/site\/wp-content\/uploads\/2025\/05\/IMG_20230711_180437-edited-1-300x169.jpg 300w, https:\/\/lespetitspapiers.media\/site\/wp-content\/uploads\/2025\/05\/IMG_20230711_180437-edited-1-1024x576.jpg 1024w, https:\/\/lespetitspapiers.media\/site\/wp-content\/uploads\/2025\/05\/IMG_20230711_180437-edited-1-768x432.jpg 768w, https:\/\/lespetitspapiers.media\/site\/wp-content\/uploads\/2025\/05\/IMG_20230711_180437-edited-1-1536x864.jpg 1536w, https:\/\/lespetitspapiers.media\/site\/wp-content\/uploads\/2025\/05\/IMG_20230711_180437-edited-1-2048x1152.jpg 2048w, https:\/\/lespetitspapiers.media\/site\/wp-content\/uploads\/2025\/05\/IMG_20230711_180437-edited-1-1200x675.jpg 1200w, https:\/\/lespetitspapiers.media\/site\/wp-content\/uploads\/2025\/05\/IMG_20230711_180437-edited-1-1980x1114.jpg 1980w\" sizes=\"auto, (max-width: 300px) 100vw, 300px\" \/><\/a><\/div><a class=\"wp-block-latest-posts__post-title\" href=\"https:\/\/lespetitspapiers.media\/site\/au-fil-de-leau-une-emission-de-radio-made-in-fives\/\">Au fil de l&rsquo;eau &#8211; une \u00e9mission de radio made in Fives !<\/a><div class=\"wp-block-latest-posts__post-excerpt\">A l&rsquo;\u00e9t\u00e9 2023, le centre social Mosa\u00efque de Fives a vu s&rsquo;installer un plateau radio.\u2026 <a class=\"wp-block-latest-posts__read-more\" href=\"https:\/\/lespetitspapiers.media\/site\/au-fil-de-leau-une-emission-de-radio-made-in-fives\/\" rel=\"noopener noreferrer\">Lire la suite<span class=\"screen-reader-text\">\u00a0: Au fil de l&rsquo;eau &#8211; une \u00e9mission de radio made in Fives !<\/span><\/a><\/div><\/li>\n<li><div class=\"wp-block-latest-posts__featured-image\"><a href=\"https:\/\/lespetitspapiers.media\/site\/un-oeil-sur-le-jardin-dados-journal-papier-ephemere-a-armentieres\/\" aria-label=\"Un \u0153il sur le \u00abJardi d&rsquo;ados\u00bb : journal papier \u00e9ph\u00e9m\u00e8re \u00e0 Armenti\u00e8res\"><img loading=\"lazy\" decoding=\"async\" width=\"300\" height=\"240\" src=\"https:\/\/lespetitspapiers.media\/site\/wp-content\/uploads\/2025\/05\/3756-3000-max-300x240.jpg\" class=\"attachment-medium size-medium wp-post-image\" alt=\"\" style=\"\" srcset=\"https:\/\/lespetitspapiers.media\/site\/wp-content\/uploads\/2025\/05\/3756-3000-max-300x240.jpg 300w, https:\/\/lespetitspapiers.media\/site\/wp-content\/uploads\/2025\/05\/3756-3000-max-1024x818.jpg 1024w, https:\/\/lespetitspapiers.media\/site\/wp-content\/uploads\/2025\/05\/3756-3000-max-768x613.jpg 768w, https:\/\/lespetitspapiers.media\/site\/wp-content\/uploads\/2025\/05\/3756-3000-max-1536x1227.jpg 1536w, https:\/\/lespetitspapiers.media\/site\/wp-content\/uploads\/2025\/05\/3756-3000-max-2048x1636.jpg 2048w, https:\/\/lespetitspapiers.media\/site\/wp-content\/uploads\/2025\/05\/3756-3000-max-1200x958.jpg 1200w, https:\/\/lespetitspapiers.media\/site\/wp-content\/uploads\/2025\/05\/3756-3000-max-1980x1581.jpg 1980w\" sizes=\"auto, (max-width: 300px) 100vw, 300px\" \/><\/a><\/div><a class=\"wp-block-latest-posts__post-title\" href=\"https:\/\/lespetitspapiers.media\/site\/un-oeil-sur-le-jardin-dados-journal-papier-ephemere-a-armentieres\/\">Un \u0153il sur le \u00abJardi d&rsquo;ados\u00bb : journal papier \u00e9ph\u00e9m\u00e8re \u00e0 Armenti\u00e8res<\/a><div class=\"wp-block-latest-posts__post-excerpt\">Au printemps et \u00e0 l&rsquo;\u00e9t\u00e9 2022, les jeunes du centre social Roger Salengro d&rsquo;Armenti\u00e8res ont\u2026 <a class=\"wp-block-latest-posts__read-more\" href=\"https:\/\/lespetitspapiers.media\/site\/un-oeil-sur-le-jardin-dados-journal-papier-ephemere-a-armentieres\/\" rel=\"noopener noreferrer\">Lire la suite<span class=\"screen-reader-text\">\u00a0: Un \u0153il sur le \u00abJardi d&rsquo;ados\u00bb : journal papier \u00e9ph\u00e9m\u00e8re \u00e0 Armenti\u00e8res<\/span><\/a><\/div><\/li>\n<li><div class=\"wp-block-latest-posts__featured-image\"><a href=\"https:\/\/lespetitspapiers.media\/site\/radio-bv-au-college-boris-vian-de-lille-fives\/\" aria-label=\"Radio BV au Coll\u00e8ge Boris Vian de Lille-Fives\"><img loading=\"lazy\" decoding=\"async\" width=\"300\" height=\"76\" src=\"https:\/\/lespetitspapiers.media\/site\/wp-content\/uploads\/2023\/06\/LOGO-LONG-avec-tour-1182x300-1-300x76.jpg\" class=\"attachment-medium size-medium wp-post-image\" alt=\"\" style=\"\" srcset=\"https:\/\/lespetitspapiers.media\/site\/wp-content\/uploads\/2023\/06\/LOGO-LONG-avec-tour-1182x300-1-300x76.jpg 300w, https:\/\/lespetitspapiers.media\/site\/wp-content\/uploads\/2023\/06\/LOGO-LONG-avec-tour-1182x300-1-1024x260.jpg 1024w, https:\/\/lespetitspapiers.media\/site\/wp-content\/uploads\/2023\/06\/LOGO-LONG-avec-tour-1182x300-1-768x195.jpg 768w, https:\/\/lespetitspapiers.media\/site\/wp-content\/uploads\/2023\/06\/LOGO-LONG-avec-tour-1182x300-1.jpg 1182w\" sizes=\"auto, (max-width: 300px) 100vw, 300px\" \/><\/a><\/div><a class=\"wp-block-latest-posts__post-title\" href=\"https:\/\/lespetitspapiers.media\/site\/radio-bv-au-college-boris-vian-de-lille-fives\/\">Radio BV au Coll\u00e8ge Boris Vian de Lille-Fives<\/a><div class=\"wp-block-latest-posts__post-excerpt\">D&rsquo;octobre 2022 \u00e0 mai 2023, l&rsquo;association Les Petits Papiers a accompagn\u00e9 les \u00e9l\u00e8ves de quatri\u00e8me\u2026 <a class=\"wp-block-latest-posts__read-more\" href=\"https:\/\/lespetitspapiers.media\/site\/radio-bv-au-college-boris-vian-de-lille-fives\/\" rel=\"noopener noreferrer\">Lire la suite<span class=\"screen-reader-text\">\u00a0: Radio BV au Coll\u00e8ge Boris Vian de Lille-Fives<\/span><\/a><\/div><\/li>\n<\/ul>","protected":false},"excerpt":{"rendered":"<p>Retrouvez ici nos derni\u00e8res interventions et cr\u00e9ations.<\/p>\n","protected":false},"author":4,"featured_media":0,"parent":0,"menu_order":0,"comment_status":"closed","ping_status":"closed","template":"","meta":{"footnotes":""},"class_list":["post-107","page","type-page","status-publish","hentry"],"_links":{"self":[{"href":"https:\/\/lespetitspapiers.media\/site\/wp-json\/wp\/v2\/pages\/107","targetHints":{"allow":["GET"]}}],"collection":[{"href":"https:\/\/lespetitspapiers.media\/site\/wp-json\/wp\/v2\/pages"}],"about":[{"href":"https:\/\/lespetitspapiers.media\/site\/wp-json\/wp\/v2\/types\/page"}],"author":[{"embeddable":true,"href":"https:\/\/lespetitspapiers.media\/site\/wp-json\/wp\/v2\/users\/4"}],"replies":[{"embeddable":true,"href":"https:\/\/lespetitspapiers.media\/site\/wp-json\/wp\/v2\/comments?post=107"}],"version-history":[{"count":6,"href":"https:\/\/lespetitspapiers.media\/site\/wp-json\/wp\/v2\/pages\/107\/revisions"}],"predecessor-version":[{"id":122,"href":"https:\/\/lespetitspapiers.media\/site\/wp-json\/wp\/v2\/pages\/107\/revisions\/122"}],"wp:attachment":[{"href":"https:\/\/lespetitspapiers.media\/site\/wp-json\/wp\/v2\/media?parent=107"}],"curies":[{"name":"wp","href":"https:\/\/api.w.org\/{rel}","templated":true}]}}