{"id":23,"date":"2022-10-12T13:09:07","date_gmt":"2022-10-12T11:09:07","guid":{"rendered":"https:\/\/lespetitspapiers.media\/site\/?page_id=23"},"modified":"2022-10-12T13:31:01","modified_gmt":"2022-10-12T11:31:01","slug":"ateliers-proposes","status":"publish","type":"page","link":"https:\/\/lespetitspapiers.media\/site\/ateliers-proposes\/","title":{"rendered":"Ateliers propos\u00e9s"},"content":{"rendered":"\n<p class=\"has-drop-cap has-normal-font-size\">Nos interventions sont construites \u00e0 partir des outils issus de l\u2019\u00e9ducation populaire. Plut\u00f4t que des ateliers descendants, nous proposons <strong>des espaces de co-construction avec les publics (de tous \u00e2ges).<\/strong><\/p>\n\n\n\n<p class=\"has-normal-font-size\">Nous commen\u00e7ons nos interventions par <strong>des travaux d\u2019identification des publics via des jeux qui permettent de se raconter, de pr\u00e9senter et comprendre son propre rapport aux m\u00e9dias et \u00e0 l\u2019information.<\/strong> Cette premi\u00e8re \u00e9tape permet d\u2019adapter les s\u00e9ances selon le niveau, les besoins et les envies du public.<\/p>\n\n\n\n<p class=\"has-normal-font-size\"><strong>Le format-type (mais adaptable) d\u2019une s\u00e9ance est le suivant :<\/strong><\/p>\n\n\n\n<p class=\"has-normal-font-size\"><strong>1) La premi\u00e8re heure est consacr\u00e9e \u00e0 des ateliers d\u2019\u00e9ducation aux m\u00e9dias. <\/strong>\u00c0 partir de jeux (la \u00ab rumeur \u00bb, le photolangage, le d\u00e9bat mouvant, le jeu du \u00ab Whatsapp \u00bb, l\u2019interview mutuelle&#8230;) nous amenons les publics \u00e0 travailler sur les fake news, la production de l\u2019information, l\u2019analyse photographique, la hi\u00e9rarchisation de l\u2019information ou encore l\u2019interview ;<\/p>\n\n\n\n<p class=\"has-normal-font-size\"><strong>2) La deuxi\u00e8me heure est elle d\u00e9di\u00e9e \u00e0 la production collective d\u2019une ou plusieurs oeuvres originales<\/strong>. En pr\u00e9sentant une pluralit\u00e9 de m\u00e9dias et en amenant les publics \u00e0 travailler sur des sujets qui leur importent, il s\u2019agit <em>in fine<\/em> de construire un projet collectif&nbsp;: un journal papier ou en ligne, une exposition photographique, un podcast, une vid\u00e9o&#8230;<\/p>\n\n\n\n<p class=\"has-normal-font-size\">Notre travail s\u2019adapte <strong>aux publics et \u00e0 leurs aspirations.<\/strong> Nous proposons des axes et un d\u00e9roul\u00e9 des s\u00e9ances : <strong>si les publics le souhaitent, nous bouleverserons nos agendas et projets.<\/strong><\/p>\n\n\n\n<p class=\"has-normal-font-size\">En fonction du temps allou\u00e9 aux projets, il n\u2019est pas toujours possible de former les publics \u00e0 tous les m\u00e9tiers du journalisme. En outre,<strong> nous privil\u00e9gions la parole des publics<\/strong>, ce qu\u2019ils et elles souhaitent raconter. Par cons\u00e9quent, <strong>nous accompagnons techniquement la cr\u00e9ation des oeuvres originales<\/strong> :&nbsp; maquettage d\u2019un journal, montage sonore, d\u00e9veloppement photographique, cr\u00e9ation d\u2019un site internet&#8230;<\/p>\n","protected":false},"excerpt":{"rendered":"<p>Nos interventions sont construites \u00e0 partir des outils issus de l\u2019\u00e9ducation populaire. Plut\u00f4t que des ateliers descendants, nous proposons des espaces de co-construction avec les publics (de tous \u00e2ges). Nous commen\u00e7ons nos interventions par des travaux d\u2019identification des publics via des jeux qui permettent de se raconter, de pr\u00e9senter et comprendre son propre rapport aux [&hellip;]<\/p>\n","protected":false},"author":2,"featured_media":0,"parent":0,"menu_order":0,"comment_status":"closed","ping_status":"closed","template":"","meta":{"footnotes":""},"class_list":["post-23","page","type-page","status-publish","hentry"],"_links":{"self":[{"href":"https:\/\/lespetitspapiers.media\/site\/wp-json\/wp\/v2\/pages\/23","targetHints":{"allow":["GET"]}}],"collection":[{"href":"https:\/\/lespetitspapiers.media\/site\/wp-json\/wp\/v2\/pages"}],"about":[{"href":"https:\/\/lespetitspapiers.media\/site\/wp-json\/wp\/v2\/types\/page"}],"author":[{"embeddable":true,"href":"https:\/\/lespetitspapiers.media\/site\/wp-json\/wp\/v2\/users\/2"}],"replies":[{"embeddable":true,"href":"https:\/\/lespetitspapiers.media\/site\/wp-json\/wp\/v2\/comments?post=23"}],"version-history":[{"count":7,"href":"https:\/\/lespetitspapiers.media\/site\/wp-json\/wp\/v2\/pages\/23\/revisions"}],"predecessor-version":[{"id":64,"href":"https:\/\/lespetitspapiers.media\/site\/wp-json\/wp\/v2\/pages\/23\/revisions\/64"}],"wp:attachment":[{"href":"https:\/\/lespetitspapiers.media\/site\/wp-json\/wp\/v2\/media?parent=23"}],"curies":[{"name":"wp","href":"https:\/\/api.w.org\/{rel}","templated":true}]}}