{"id":26,"date":"2022-10-12T13:10:30","date_gmt":"2022-10-12T11:10:30","guid":{"rendered":"https:\/\/lespetitspapiers.media\/site\/?page_id=26"},"modified":"2022-10-16T18:48:41","modified_gmt":"2022-10-16T16:48:41","slug":"contact","status":"publish","type":"page","link":"https:\/\/lespetitspapiers.media\/site\/contact\/","title":{"rendered":"Contact"},"content":{"rendered":"\n<p class=\"has-drop-cap\">Si vous souhaitez travailler avec nous, vous pouvez nous contacter \u00e0 cette adresse mail : association.lespetitspapiers (&amp;) gmail.com (pensez \u00e0 remplacer (&amp;) par @).<\/p>\n\n\n\n<p>Nous sommes situ\u00e9.es sur la m\u00e9tropole lilloise et intervenons principalement dans les Hauts-de-France.<\/p>\n","protected":false},"excerpt":{"rendered":"<p>Si vous souhaitez travailler avec nous, vous pouvez nous contacter \u00e0 cette adresse mail : association.lespetitspapiers (&amp;) gmail.com (pensez \u00e0 remplacer (&amp;) par @). Nous sommes situ\u00e9.es sur la m\u00e9tropole lilloise et intervenons principalement dans les Hauts-de-France.<\/p>\n","protected":false},"author":2,"featured_media":0,"parent":0,"menu_order":0,"comment_status":"closed","ping_status":"closed","template":"","meta":{"footnotes":""},"class_list":["post-26","page","type-page","status-publish","hentry"],"_links":{"self":[{"href":"https:\/\/lespetitspapiers.media\/site\/wp-json\/wp\/v2\/pages\/26","targetHints":{"allow":["GET"]}}],"collection":[{"href":"https:\/\/lespetitspapiers.media\/site\/wp-json\/wp\/v2\/pages"}],"about":[{"href":"https:\/\/lespetitspapiers.media\/site\/wp-json\/wp\/v2\/types\/page"}],"author":[{"embeddable":true,"href":"https:\/\/lespetitspapiers.media\/site\/wp-json\/wp\/v2\/users\/2"}],"replies":[{"embeddable":true,"href":"https:\/\/lespetitspapiers.media\/site\/wp-json\/wp\/v2\/comments?post=26"}],"version-history":[{"count":5,"href":"https:\/\/lespetitspapiers.media\/site\/wp-json\/wp\/v2\/pages\/26\/revisions"}],"predecessor-version":[{"id":48,"href":"https:\/\/lespetitspapiers.media\/site\/wp-json\/wp\/v2\/pages\/26\/revisions\/48"}],"wp:attachment":[{"href":"https:\/\/lespetitspapiers.media\/site\/wp-json\/wp\/v2\/media?parent=26"}],"curies":[{"name":"wp","href":"https:\/\/api.w.org\/{rel}","templated":true}]}}